{"id":117,"date":"2021-02-28T20:49:42","date_gmt":"2021-02-28T19:49:42","guid":{"rendered":"http:\/\/wse.wsgk.com.pl\/?page_id=117"},"modified":"2025-05-15T17:09:31","modified_gmt":"2025-05-15T15:09:31","slug":"europeistyka-2","status":"publish","type":"page","link":"https:\/\/wse.wsgk.com.pl\/?page_id=117","title":{"rendered":"Europeistyka"},"content":{"rendered":"\t\t<div data-elementor-type=\"wp-page\" data-elementor-id=\"117\" class=\"elementor elementor-117\">\n\t\t\t\t\t\t<section class=\"elementor-section elementor-top-section elementor-element elementor-element-5b83c61 elementor-section-boxed elementor-section-height-default elementor-section-height-default\" data-id=\"5b83c61\" data-element_type=\"section\" data-e-type=\"section\">\n\t\t\t\t\t\t<div class=\"elementor-container elementor-column-gap-default\">\n\t\t\t\t\t<div class=\"elementor-column elementor-col-100 elementor-top-column elementor-element elementor-element-ab36148\" data-id=\"ab36148\" data-element_type=\"column\" data-e-type=\"column\">\n\t\t\t<div class=\"elementor-widget-wrap elementor-element-populated\">\n\t\t\t\t\t\t<div class=\"elementor-element elementor-element-d79de74 elementor-widget elementor-widget-html\" data-id=\"d79de74\" data-element_type=\"widget\" data-e-type=\"widget\" data-widget_type=\"html.default\">\n\t\t\t\t<div class=\"elementor-widget-container\">\n\t\t\t\t\t<!DOCTYPE html>\n<html lang=\"pl\">\n<head>\n  <meta charset=\"UTF-8\">\n  <title>Europeistyka - ANSGK<\/title>\n  <style>\n    body {\n      font-family: \"Segoe UI\", Tahoma, Geneva, Verdana, sans-serif;\n      line-height: 1.6;\n      margin: 20px;\n      color: #333;\n      background: #f9f9f9;\n    }\n\n    table {\n      width: 100%;\n      border-collapse: collapse;\n      margin-bottom: 30px;\n      background: #fff;\n      border-radius: 8px;\n      overflow: hidden;\n      box-shadow: 0 2px 6px rgba(0, 0, 0, 0.1);\n    }\n\n    caption {\n      padding: 12px;\n      font-size: 1.2em;\n      font-weight: bold;\n      background-color: #004080;\n      color: white;\n      text-align: center;\n    }\n\n    th, td {\n      border: 1px solid #ccc;\n      padding: 14px 12px;\n      text-align: center;\n    }\n\n    th {\n      background-color: #f0f0f0;\n      font-weight: bold;\n    }\n\n    td:first-child {\n      text-align: left;\n      background: #f7f7f7;\n      font-weight: 500;\n    }\n\n    p {\n      margin-bottom: 16px;\n      text-align: justify;\n    }\n\n    strong {\n      color: #004080;\n    }\n\n    ul {\n      margin: 10px 0 20px 20px;\n    }\n\n    a {\n      color: #004080;\n      text-decoration: underline;\n    }\n\n    a:hover {\n      text-decoration: none;\n    }\n\n    .highlight-link {\n      display: inline-block;\n      background: #004080;\n      color: #fff;\n      padding: 10px 15px;\n      border-radius: 6px;\n      text-decoration: none;\n      font-weight: bold;\n      margin-top: 10px;\n    }\n\n    .highlight-link:hover {\n      background: #002f5e;\n    }\n\n    .section-title {\n      font-size: 1.3em;\n      margin-top: 30px;\n      margin-bottom: 10px;\n      color: #004080;\n    }\n  <\/style>\n<\/head>\n<body>\n\n  <table>\n    <caption>Tryb studi\u00f3w: niestacjonarne, profil praktyczny<\/caption>\n    <thead>\n      <tr>\n        <th>Typ studi\u00f3w<\/th>\n        <th>I stopnia<\/th>\n        <th>II stopnia<\/th>\n      <\/tr>\n    <\/thead>\n    <tbody>\n      <tr>\n        <td>Czas trwania<\/td>\n        <td>3 lata (6 semestr\u00f3w)<\/td>\n        <td>2 lata (4 semestry)<\/td>\n      <\/tr>\n      <tr>\n        <td>Tytu\u0142 zawodowy<\/td>\n        <td>licencjat<\/td>\n        <td>magister<\/td>\n      <\/tr>\n    <\/tbody>\n  <\/table>\n\n  <p><strong>Europeistyka<\/strong> to nowoczesny kierunek studi\u00f3w z zakresu nauk spo\u0142ecznych, \u0142\u0105cz\u0105cy wiedz\u0119 z socjologii, politologii, ekonomii, stosunk\u00f3w mi\u0119dzynarodowych, pa\u0144stwa i prawa, wzbogacon\u0105 o znajomo\u015b\u0107 historii i kultury europejskiej. Obejmuje r\u00f3wnie\u017c zagadnienia zwi\u0105zane z integracj\u0105 europejsk\u0105, struktur\u0105 i funkcjonowaniem UE oraz kompetencje analizy zjawisk spo\u0142eczno-politycznych.<\/p>\n\n  <p>Studia przygotowuj\u0105 do pracy w instytucjach unijnych i krajowych, administracji rz\u0105dowej i samorz\u0105dowej, organizacjach pozarz\u0105dowych oraz przedsi\u0119biorstwach wsp\u00f3\u0142pracuj\u0105cych z krajami Unii Europejskiej.<\/p>\n\n  <p><strong>Mo\u017cliwo\u015bci zatrudnienia:<\/strong><\/p>\n  <ul>\n    <li>instytucje i organizacje krajowe i unijne<\/li>\n    <li>administracja rz\u0105dowa i samorz\u0105dowa<\/li>\n    <li>organizacje pozarz\u0105dowe<\/li>\n    <li>urz\u0119dy i instytucje kulturalne<\/li>\n    <li>biura komunikacji spo\u0142ecznej<\/li>\n    <li>korporacje i media<\/li>\n    <li>w\u0142asna dzia\u0142alno\u015b\u0107 gospodarcza<\/li>\n  <\/ul>\n\n  <p>Absolwent b\u0119dzie zna\u0142 prawo unijne i krajowe, zasady ochrony praw cz\u0142owieka oraz potrafi\u0142 zarz\u0105dza\u0107 projektami europejskimi i pos\u0142ugiwa\u0107 si\u0119 j\u0119zykiem angielskim na poziomie B2\/B2+.<\/p>\n\n  <a class=\"highlight-link\" href=\"https:\/\/wse.wsgk.com.pl\/wp-content\/uploads\/dokumenty\/Program-ksztalcenia-2020-2021.pdf\" target=\"_blank\">\ud83d\udcc4 Szczeg\u00f3\u0142owy program kszta\u0142cenia TUTAJ<\/a>\n\n  <div class=\"section-title\">Dost\u0119pne specjalno\u015bci:<\/div>\n\n  <p><strong>Studia pierwszego stopnia:<\/strong><br>\n  - Bezpiecze\u0144stwo pa\u0144stwa<br>\n  - Zarz\u0105dzanie funduszami strukturalnymi<br>\n  - Zarz\u0105dzanie przedsi\u0119biorstwem europejskim<\/p>\n\n  <p><strong>Studia drugiego stopnia:<\/strong><br>\n  - Bezpiecze\u0144stwo pa\u0144stwa<br>\n  - Administracja europejska<\/p>\n\n<\/body>\n<\/html>\t\t\t\t<\/div>\n\t\t\t\t<\/div>\n\t\t\t\t\t<\/div>\n\t\t<\/div>\n\t\t\t\t\t<\/div>\n\t\t<\/section>\n\t\t\t\t<\/div>\n\t\t","protected":false},"excerpt":{"rendered":"<p>Europeistyka &#8211; ANSGK Tryb studi\u00f3w: niestacjonarne, profil praktyczny Typ studi\u00f3w I stopnia II stopnia Czas trwania 3 lata (6 semestr\u00f3w) 2 lata (4 semestry) Tytu\u0142 zawodowy licencjat magister Europeistyka to nowoczesny kierunek studi\u00f3w z zakresu nauk spo\u0142ecznych, \u0142\u0105cz\u0105cy wiedz\u0119 z socjologii, politologii, ekonomii, stosunk\u00f3w mi\u0119dzynarodowych, pa\u0144stwa i prawa, wzbogacon\u0105 o znajomo\u015b\u0107 historii i kultury europejskiej.&hellip; <br \/> <a class=\"button small blue\" href=\"https:\/\/wse.wsgk.com.pl\/?page_id=117\">Dowiedz si\u0119 wi\u0119cej<\/a><\/p>\n","protected":false},"author":1,"featured_media":0,"parent":0,"menu_order":0,"comment_status":"closed","ping_status":"closed","template":"","meta":{"footnotes":""},"class_list":["post-117","page","type-page","status-publish","hentry"],"jetpack_sharing_enabled":true,"_links":{"self":[{"href":"https:\/\/wse.wsgk.com.pl\/index.php?rest_route=\/wp\/v2\/pages\/117","targetHints":{"allow":["GET"]}}],"collection":[{"href":"https:\/\/wse.wsgk.com.pl\/index.php?rest_route=\/wp\/v2\/pages"}],"about":[{"href":"https:\/\/wse.wsgk.com.pl\/index.php?rest_route=\/wp\/v2\/types\/page"}],"author":[{"embeddable":true,"href":"https:\/\/wse.wsgk.com.pl\/index.php?rest_route=\/wp\/v2\/users\/1"}],"replies":[{"embeddable":true,"href":"https:\/\/wse.wsgk.com.pl\/index.php?rest_route=%2Fwp%2Fv2%2Fcomments&post=117"}],"version-history":[{"count":31,"href":"https:\/\/wse.wsgk.com.pl\/index.php?rest_route=\/wp\/v2\/pages\/117\/revisions"}],"predecessor-version":[{"id":536,"href":"https:\/\/wse.wsgk.com.pl\/index.php?rest_route=\/wp\/v2\/pages\/117\/revisions\/536"}],"wp:attachment":[{"href":"https:\/\/wse.wsgk.com.pl\/index.php?rest_route=%2Fwp%2Fv2%2Fmedia&parent=117"}],"curies":[{"name":"wp","href":"https:\/\/api.w.org\/{rel}","templated":true}]}}