{"id":187,"date":"2021-03-02T21:31:42","date_gmt":"2021-03-02T20:31:42","guid":{"rendered":"http:\/\/wse.wsgk.com.pl\/?page_id=187"},"modified":"2025-05-15T13:41:56","modified_gmt":"2025-05-15T11:41:56","slug":"plany-zajec","status":"publish","type":"page","link":"https:\/\/wse.wsgk.com.pl\/?page_id=187","title":{"rendered":"Plany zaj\u0119\u0107"},"content":{"rendered":"\t\t<div data-elementor-type=\"wp-page\" data-elementor-id=\"187\" class=\"elementor elementor-187\">\n\t\t\t\t\t\t<section class=\"elementor-section elementor-top-section elementor-element elementor-element-9b5ca7b elementor-section-boxed elementor-section-height-default elementor-section-height-default\" data-id=\"9b5ca7b\" data-element_type=\"section\" data-e-type=\"section\">\n\t\t\t\t\t\t<div class=\"elementor-container elementor-column-gap-default\">\n\t\t\t\t\t<div class=\"elementor-column elementor-col-100 elementor-top-column elementor-element elementor-element-5809047\" data-id=\"5809047\" data-element_type=\"column\" data-e-type=\"column\">\n\t\t\t<div class=\"elementor-widget-wrap elementor-element-populated\">\n\t\t\t\t\t\t<div class=\"elementor-element elementor-element-56b1775 elementor-widget elementor-widget-html\" data-id=\"56b1775\" data-element_type=\"widget\" data-e-type=\"widget\" data-widget_type=\"html.default\">\n\t\t\t\t<div class=\"elementor-widget-container\">\n\t\t\t\t\t<div style=\"max-width: 600px; margin: 2rem auto; padding: 1.5rem; background: linear-gradient(135deg, #003399, #0055cc); color: white; border-radius: 1rem; box-shadow: 0 8px 20px rgba(0, 0, 0, 0.3); font-family: 'Segoe UI', sans-serif; text-align: center;\">\n  <h2 style=\"font-size: 1.75rem; margin-bottom: 1rem; color: #FFD700;\">\ud83d\udcd8 Plany Zaj\u0119\u0107<\/h2>\n  <p style=\"font-size: 1.1rem; margin-bottom: 1.5rem;\">\n    Znajdziesz na stronie:<br>\n    <a href=\"http:\/\/student.wsgk.com.pl\" style=\"color: #FFD700; font-weight: bold; text-decoration: underline;\">student.wsgk.com.pl<\/a>\n  <\/p>\n  <a href=\"http:\/\/student.wsgk.com.pl\" target=\"_blank\" style=\"display: inline-block; transition: transform 0.3s;\">\n    <img data-recalc-dims=\"1\" decoding=\"async\" src=\"https:\/\/i0.wp.com\/wse.wsgk.com.pl\/wp-content\/uploads\/2025\/05\/URL-QR-Code-2.png?resize=200%2C200&#038;ssl=1\"\n         alt=\"QR code do plan\u00f3w zaj\u0119\u0107\"\n         width=\"200\"\n         height=\"200\"\n         style=\"border: 5px solid #FFD700; border-radius: 1rem; background-color: white;\"\n         onmouseover=\"this.style.transform='scale(1.05)';\"\n         onmouseout=\"this.style.transform='scale(1)';\">\n  <\/a>\n  <p style=\"margin-top: 1rem; font-size: 0.95rem; color: #e0e0e0;\">\n    Zeskanuj kod QR, aby szybko przej\u015b\u0107 do planu zaj\u0119\u0107!\n  <\/p>\n<\/div>\t\t\t\t<\/div>\n\t\t\t\t<\/div>\n\t\t\t\t\t<\/div>\n\t\t<\/div>\n\t\t\t\t\t<\/div>\n\t\t<\/section>\n\t\t\t\t<\/div>\n\t\t","protected":false},"excerpt":{"rendered":"<p>\ud83d\udcd8 Plany Zaj\u0119\u0107 Znajdziesz na stronie: student.wsgk.com.pl Zeskanuj kod QR, aby szybko przej\u015b\u0107 do planu zaj\u0119\u0107!<\/p>\n","protected":false},"author":1,"featured_media":0,"parent":0,"menu_order":0,"comment_status":"closed","ping_status":"closed","template":"","meta":{"footnotes":""},"class_list":["post-187","page","type-page","status-publish","hentry"],"jetpack_sharing_enabled":true,"_links":{"self":[{"href":"https:\/\/wse.wsgk.com.pl\/index.php?rest_route=\/wp\/v2\/pages\/187","targetHints":{"allow":["GET"]}}],"collection":[{"href":"https:\/\/wse.wsgk.com.pl\/index.php?rest_route=\/wp\/v2\/pages"}],"about":[{"href":"https:\/\/wse.wsgk.com.pl\/index.php?rest_route=\/wp\/v2\/types\/page"}],"author":[{"embeddable":true,"href":"https:\/\/wse.wsgk.com.pl\/index.php?rest_route=\/wp\/v2\/users\/1"}],"replies":[{"embeddable":true,"href":"https:\/\/wse.wsgk.com.pl\/index.php?rest_route=%2Fwp%2Fv2%2Fcomments&post=187"}],"version-history":[{"count":19,"href":"https:\/\/wse.wsgk.com.pl\/index.php?rest_route=\/wp\/v2\/pages\/187\/revisions"}],"predecessor-version":[{"id":515,"href":"https:\/\/wse.wsgk.com.pl\/index.php?rest_route=\/wp\/v2\/pages\/187\/revisions\/515"}],"wp:attachment":[{"href":"https:\/\/wse.wsgk.com.pl\/index.php?rest_route=%2Fwp%2Fv2%2Fmedia&parent=187"}],"curies":[{"name":"wp","href":"https:\/\/api.w.org\/{rel}","templated":true}]}}