{"id":297,"date":"2022-01-07T11:37:53","date_gmt":"2022-01-07T10:37:53","guid":{"rendered":"http:\/\/wse.wsgk.com.pl\/?page_id=297"},"modified":"2025-05-15T16:54:27","modified_gmt":"2025-05-15T14:54:27","slug":"kolo-naukowe-wse","status":"publish","type":"page","link":"https:\/\/wse.wsgk.com.pl\/?page_id=297","title":{"rendered":"Ko\u0142o naukowe WSE"},"content":{"rendered":"\t\t<div data-elementor-type=\"wp-page\" data-elementor-id=\"297\" class=\"elementor elementor-297\">\n\t\t\t\t\t\t<section class=\"elementor-section elementor-top-section elementor-element elementor-element-44cd146 elementor-section-boxed elementor-section-height-default elementor-section-height-default\" data-id=\"44cd146\" data-element_type=\"section\" data-e-type=\"section\">\n\t\t\t\t\t\t<div class=\"elementor-container elementor-column-gap-default\">\n\t\t\t\t\t<div class=\"elementor-column elementor-col-100 elementor-top-column elementor-element elementor-element-9e2e97e\" data-id=\"9e2e97e\" data-element_type=\"column\" data-e-type=\"column\">\n\t\t\t<div class=\"elementor-widget-wrap elementor-element-populated\">\n\t\t\t\t\t\t<div class=\"elementor-element elementor-element-33f5d65 elementor-widget elementor-widget-html\" data-id=\"33f5d65\" data-element_type=\"widget\" data-e-type=\"widget\" data-widget_type=\"html.default\">\n\t\t\t\t<div class=\"elementor-widget-container\">\n\t\t\t\t\t<div style=\"max-width: 900px; margin: 40px auto; background-color: #f9fbff; border: 2px solid #003399; border-radius: 12px; padding: 30px; font-family: 'Georgia', serif; box-shadow: 0 0 15px rgba(0, 51, 153, 0.15); line-height: 1.6; color: #000;\">\n\n  <h2 style=\"color: #003399; font-size: 26px; text-align: center; margin-bottom: 25px;\">\n    \ud83d\udee1\ufe0f Studenckie Ko\u0142o Naukowe Bezpiecze\u0144stwa Narodowego (SKNKBN)\n  <\/h2>\n\n  <p>\n    Studenckie Ko\u0142o Naukowe kierunku <strong>Bezpiecze\u0144stwo Narodowe<\/strong> dzia\u0142a przy Wydziale Europeistyki Akademii Nauk Stosowanych Gospodarki Krajowej w Kutnie.\n    Ko\u0142o zamierza realizowa\u0107 zadania w zakresie <strong>pog\u0142\u0119biania wiedzy<\/strong> w obszarach szeroko rozumianego bezpiecze\u0144stwa, historii, administracji oraz my\u015bli politycznej.\n    Jego ambicj\u0105 jest prowadzenie edukacji zar\u00f3wno na rzecz student\u00f3w kutnowskiej uczelni, jak i zaproszenie do wsp\u00f3\u0142pracy <strong>zaprzyja\u017anionych organizacji spo\u0142ecznych<\/strong> i stowarzysze\u0144.\n  <\/p>\n\n  <p>\n    Ko\u0142o zawi\u0105za\u0142o si\u0119 w <strong>czerwcu 2021 r.<\/strong> i rozpocz\u0119\u0142o swoj\u0105 dzia\u0142alno\u015b\u0107 ze studentami kierunku Bezpiecze\u0144stwo Narodowe.\n    W swojej dzia\u0142alno\u015bci SKNKBN jest otwarte na cz\u0142onkostwo r\u00f3wnie\u017c student\u00f3w innych kierunk\u00f3w kutnowskiej Akademii.\n  <\/p>\n\n  <p>\n    Opr\u00f3cz <strong>praktycznych dzia\u0142a\u0144 w terenie<\/strong> organizowane s\u0105 systematycznie <strong>wyk\u0142ady online<\/strong>.\n    Ich tematyka odpowiada na propozycje student\u00f3w. Istotn\u0105 warto\u015bci\u0105 jest wsp\u00f3\u0142praca z Ko\u0142em Naukowym Sekcji System\u00f3w Bezpiecze\u0144stwa i Ratownictwa Medycznego\n    Uniwersytetu Humanistyczno-Przyrodniczego im. Jana D\u0142ugosza w Cz\u0119stochowie, dzi\u0119ki kt\u00f3rej <strong>poszerzane s\u0105 mo\u017cliwo\u015bci rozwijania wiedzy i umiej\u0119tno\u015bci<\/strong> student\u00f3w.\n  <\/p>\n\n  <p>\n    Sta\u0142ym elementem rozwoju Ko\u0142a jest wsp\u00f3\u0142praca z organizacjami spo\u0142ecznymi promuj\u0105cymi nauk\u0119, edukacj\u0119 spo\u0142eczn\u0105, histori\u0119 i tradycj\u0119 narodow\u0105,\n    takimi jak <strong>Stowarzyszenie VERITAS \u2013 nauka, edukacja, kultura<\/strong> czy <strong>Warszawskie Stowarzyszenie Rodzina Policyjna 1939 r.<\/strong>\n  <\/p>\n\n  <p style=\"margin-top: 25px; font-size: 18px;\">\n    <strong>Opiekun naukowy Ko\u0142a:<\/strong> mgr Zbigniew Bartosiak\n  <\/p>\n\n<\/div>\t\t\t\t<\/div>\n\t\t\t\t<\/div>\n\t\t\t\t\t<\/div>\n\t\t<\/div>\n\t\t\t\t\t<\/div>\n\t\t<\/section>\n\t\t\t\t<\/div>\n\t\t","protected":false},"excerpt":{"rendered":"<p>\ud83d\udee1\ufe0f Studenckie Ko\u0142o Naukowe Bezpiecze\u0144stwa Narodowego (SKNKBN) Studenckie Ko\u0142o Naukowe kierunku Bezpiecze\u0144stwo Narodowe dzia\u0142a przy Wydziale Europeistyki Akademii Nauk Stosowanych Gospodarki Krajowej w Kutnie. Ko\u0142o zamierza realizowa\u0107 zadania w zakresie pog\u0142\u0119biania wiedzy w obszarach szeroko rozumianego bezpiecze\u0144stwa, historii, administracji oraz my\u015bli politycznej. Jego ambicj\u0105 jest prowadzenie edukacji zar\u00f3wno na rzecz student\u00f3w kutnowskiej uczelni, jak i&hellip; <br \/> <a class=\"button small blue\" href=\"https:\/\/wse.wsgk.com.pl\/?page_id=297\">Dowiedz si\u0119 wi\u0119cej<\/a><\/p>\n","protected":false},"author":1,"featured_media":0,"parent":0,"menu_order":0,"comment_status":"closed","ping_status":"closed","template":"","meta":{"footnotes":""},"class_list":["post-297","page","type-page","status-publish","hentry"],"jetpack_sharing_enabled":true,"_links":{"self":[{"href":"https:\/\/wse.wsgk.com.pl\/index.php?rest_route=\/wp\/v2\/pages\/297","targetHints":{"allow":["GET"]}}],"collection":[{"href":"https:\/\/wse.wsgk.com.pl\/index.php?rest_route=\/wp\/v2\/pages"}],"about":[{"href":"https:\/\/wse.wsgk.com.pl\/index.php?rest_route=\/wp\/v2\/types\/page"}],"author":[{"embeddable":true,"href":"https:\/\/wse.wsgk.com.pl\/index.php?rest_route=\/wp\/v2\/users\/1"}],"replies":[{"embeddable":true,"href":"https:\/\/wse.wsgk.com.pl\/index.php?rest_route=%2Fwp%2Fv2%2Fcomments&post=297"}],"version-history":[{"count":12,"href":"https:\/\/wse.wsgk.com.pl\/index.php?rest_route=\/wp\/v2\/pages\/297\/revisions"}],"predecessor-version":[{"id":533,"href":"https:\/\/wse.wsgk.com.pl\/index.php?rest_route=\/wp\/v2\/pages\/297\/revisions\/533"}],"wp:attachment":[{"href":"https:\/\/wse.wsgk.com.pl\/index.php?rest_route=%2Fwp%2Fv2%2Fmedia&parent=297"}],"curies":[{"name":"wp","href":"https:\/\/api.w.org\/{rel}","templated":true}]}}